{"id":1091,"date":"2022-09-14T10:07:48","date_gmt":"2022-09-14T08:07:48","guid":{"rendered":"https:\/\/soin-marianeige.com\/?page_id=1091"},"modified":"2022-09-14T14:45:09","modified_gmt":"2022-09-14T12:45:09","slug":"tui-na-modelage","status":"publish","type":"page","link":"https:\/\/soin-marianeige.com\/index.php\/tui-na-modelage\/","title":{"rendered":"Tui-na modelage"},"content":{"rendered":"\n<p>Nouveau sur Salaise sur Sanne 18 rue des castors : le massage issue de la m\u00e9decine chinoise Le massage Tui Na  qui prend en compte les m\u00e9ridiens et les points d&rsquo;acupuncture du corps, il fait partie de la m\u00e9decine chinoise traditionnelle, il se pratique habill\u00e9e, il am\u00e9liore l&rsquo;\u00e9tat g\u00e9n\u00e9rale, redonne \u00e9nergie et souplesse, il peut \u00eatre est compl\u00e9ter par le massage cr\u00e2niens.<\/p>\n","protected":false},"excerpt":{"rendered":"<p>Nouveau sur Salaise sur Sanne 18 rue des castors : le massage issue de la m\u00e9decine chinoise Le massage Tui Na qui prend en compte<\/p>\n","protected":false},"author":1,"featured_media":0,"parent":0,"menu_order":0,"comment_status":"closed","ping_status":"closed","template":"","meta":{"om_disable_all_campaigns":false,"_sitemap_exclude":false,"_sitemap_priority":"","_sitemap_frequency":"","_monsterinsights_skip_tracking":false,"_monsterinsights_sitenote_active":false,"_monsterinsights_sitenote_note":"","_monsterinsights_sitenote_category":0,"footnotes":""},"class_list":["post-1091","page","type-page","status-publish","hentry"],"aioseo_notices":[],"_links":{"self":[{"href":"https:\/\/soin-marianeige.com\/index.php\/wp-json\/wp\/v2\/pages\/1091","targetHints":{"allow":["GET"]}}],"collection":[{"href":"https:\/\/soin-marianeige.com\/index.php\/wp-json\/wp\/v2\/pages"}],"about":[{"href":"https:\/\/soin-marianeige.com\/index.php\/wp-json\/wp\/v2\/types\/page"}],"author":[{"embeddable":true,"href":"https:\/\/soin-marianeige.com\/index.php\/wp-json\/wp\/v2\/users\/1"}],"replies":[{"embeddable":true,"href":"https:\/\/soin-marianeige.com\/index.php\/wp-json\/wp\/v2\/comments?post=1091"}],"version-history":[{"count":1,"href":"https:\/\/soin-marianeige.com\/index.php\/wp-json\/wp\/v2\/pages\/1091\/revisions"}],"predecessor-version":[{"id":1092,"href":"https:\/\/soin-marianeige.com\/index.php\/wp-json\/wp\/v2\/pages\/1091\/revisions\/1092"}],"wp:attachment":[{"href":"https:\/\/soin-marianeige.com\/index.php\/wp-json\/wp\/v2\/media?parent=1091"}],"curies":[{"name":"wp","href":"https:\/\/api.w.org\/{rel}","templated":true}]}}