{"id":1142,"date":"2022-10-30T20:34:15","date_gmt":"2022-10-30T19:34:15","guid":{"rendered":"https:\/\/soin-marianeige.com\/?page_id=1142"},"modified":"2023-11-26T22:07:40","modified_gmt":"2023-11-26T21:07:40","slug":"massages-lympho-drainant","status":"publish","type":"page","link":"https:\/\/soin-marianeige.com\/index.php\/massages-lympho-drainant\/","title":{"rendered":"R\u00e9flexologie plantaire traditionnelle chinoise"},"content":{"rendered":"\n<p>La r\u00e9flexologie plantaire traditionnelle chinoise vous apporte\u00a0une d\u00e9tente physique et mentale.<\/p>\n\n\n\n<p>Un massage complet qui va aider l&rsquo;organisme a pr\u00e9server la sant\u00e9 c&rsquo;est une technique de relaxation profonde.<\/p>\n\n\n\n<p>Voici ses multiples bienfaits<\/p>\n\n\n\n<ul class=\"wp-block-list\">\n<li>Lib\u00e8re du stress et les tensions nerveuses<\/li>\n\n\n\n<li>Favorise le sommeil<\/li>\n\n\n\n<li>Soulage les douleurs articulaires et musculaires<\/li>\n\n\n\n<li>Am\u00e9liore la circulation sanguine<\/li>\n\n\n\n<li>Aides aux troubles digestifs, respiratoires, hormonaux<\/li>\n\n\n\n<li>D\u00e9tente profonde <\/li>\n\n\n\n<li>Ancrage<\/li>\n\n\n\n<li>R\u00e9g\u00e9n\u00e9ration<\/li>\n<\/ul>\n\n\n\n<p> <\/p>\n\n\n\n<p><\/p>\n","protected":false},"excerpt":{"rendered":"<p>La r\u00e9flexologie plantaire traditionnelle chinoise vous apporte\u00a0une d\u00e9tente physique et mentale. Un massage complet qui va aider l&rsquo;organisme a pr\u00e9server la sant\u00e9 c&rsquo;est une technique<\/p>\n","protected":false},"author":1,"featured_media":1319,"parent":0,"menu_order":7,"comment_status":"closed","ping_status":"closed","template":"page-templates\/template-services.php","meta":{"om_disable_all_campaigns":false,"_sitemap_exclude":false,"_sitemap_priority":"","_sitemap_frequency":"","_monsterinsights_skip_tracking":false,"_monsterinsights_sitenote_active":false,"_monsterinsights_sitenote_note":"","_monsterinsights_sitenote_category":0,"footnotes":""},"class_list":["post-1142","page","type-page","status-publish","has-post-thumbnail","hentry"],"aioseo_notices":[],"_links":{"self":[{"href":"https:\/\/soin-marianeige.com\/index.php\/wp-json\/wp\/v2\/pages\/1142","targetHints":{"allow":["GET"]}}],"collection":[{"href":"https:\/\/soin-marianeige.com\/index.php\/wp-json\/wp\/v2\/pages"}],"about":[{"href":"https:\/\/soin-marianeige.com\/index.php\/wp-json\/wp\/v2\/types\/page"}],"author":[{"embeddable":true,"href":"https:\/\/soin-marianeige.com\/index.php\/wp-json\/wp\/v2\/users\/1"}],"replies":[{"embeddable":true,"href":"https:\/\/soin-marianeige.com\/index.php\/wp-json\/wp\/v2\/comments?post=1142"}],"version-history":[{"count":10,"href":"https:\/\/soin-marianeige.com\/index.php\/wp-json\/wp\/v2\/pages\/1142\/revisions"}],"predecessor-version":[{"id":1470,"href":"https:\/\/soin-marianeige.com\/index.php\/wp-json\/wp\/v2\/pages\/1142\/revisions\/1470"}],"wp:featuredmedia":[{"embeddable":true,"href":"https:\/\/soin-marianeige.com\/index.php\/wp-json\/wp\/v2\/media\/1319"}],"wp:attachment":[{"href":"https:\/\/soin-marianeige.com\/index.php\/wp-json\/wp\/v2\/media?parent=1142"}],"curies":[{"name":"wp","href":"https:\/\/api.w.org\/{rel}","templated":true}]}}