{"id":137,"date":"2020-03-01T18:22:13","date_gmt":"2020-03-01T17:22:13","guid":{"rendered":"http:\/\/localhost\/wordpress\/?page_id=137"},"modified":"2026-03-30T18:15:45","modified_gmt":"2026-03-30T16:15:45","slug":"soins-animaux","status":"publish","type":"page","link":"https:\/\/soin-marianeige.com\/index.php\/soins-animaux\/","title":{"rendered":"Massages intuitif"},"content":{"rendered":"\n<p>Ce massage est r\u00e9alis\u00e9 en harmonie avec votre corps, en s\u2019adaptant \u00e0 ses besoins du moment : d\u00e9tente profonde, douceur enveloppante ou tonicit\u00e9 revitalisante. Chaque s\u00e9ance est unique et nous la d\u00e9finissons ensemble afin qu\u2019elle vous corresponde pleinement.<\/p>\n\n\n\n<p>En fin de s\u00e9ance, et si vous en ressentez le besoin, j\u2019int\u00e8gre une touche de sonoth\u00e9rapie avec des bols tib\u00e9tains, carillons ou tambour, pour prolonger la relaxation et r\u00e9\u00e9quilibrer les \u00e9nergies.<\/p>\n\n\n\n<p><strong>le<\/strong> <strong>bien-\u00eatre du corps et de l&rsquo;esprit&nbsp;<\/strong><\/p>\n\n\n\n<p><\/p>\n\n\n\n<p><\/p>\n\n\n\n<p>.<\/p>\n\n\n\n<p><\/p>\n\n\n\n<p>.<\/p>\n\n\n\n<p><\/p>\n\n\n\n<h2 class=\"wp-block-heading\"><br><\/h2>\n\n\n\n<p><\/p>\n","protected":false},"excerpt":{"rendered":"<p>Ce massage est r\u00e9alis\u00e9 en harmonie avec votre corps, en s\u2019adaptant \u00e0 ses besoins du moment : d\u00e9tente profonde, douceur enveloppante ou tonicit\u00e9 revitalisante. Chaque<\/p>\n","protected":false},"author":1,"featured_media":1585,"parent":0,"menu_order":7,"comment_status":"closed","ping_status":"closed","template":"page-templates\/template-services.php","meta":{"om_disable_all_campaigns":false,"_sitemap_exclude":false,"_sitemap_priority":"","_sitemap_frequency":"","_monsterinsights_skip_tracking":false,"_monsterinsights_sitenote_active":false,"_monsterinsights_sitenote_note":"","_monsterinsights_sitenote_category":0,"footnotes":""},"class_list":["post-137","page","type-page","status-publish","has-post-thumbnail","hentry"],"aioseo_notices":[],"_links":{"self":[{"href":"https:\/\/soin-marianeige.com\/index.php\/wp-json\/wp\/v2\/pages\/137","targetHints":{"allow":["GET"]}}],"collection":[{"href":"https:\/\/soin-marianeige.com\/index.php\/wp-json\/wp\/v2\/pages"}],"about":[{"href":"https:\/\/soin-marianeige.com\/index.php\/wp-json\/wp\/v2\/types\/page"}],"author":[{"embeddable":true,"href":"https:\/\/soin-marianeige.com\/index.php\/wp-json\/wp\/v2\/users\/1"}],"replies":[{"embeddable":true,"href":"https:\/\/soin-marianeige.com\/index.php\/wp-json\/wp\/v2\/comments?post=137"}],"version-history":[{"count":36,"href":"https:\/\/soin-marianeige.com\/index.php\/wp-json\/wp\/v2\/pages\/137\/revisions"}],"predecessor-version":[{"id":1847,"href":"https:\/\/soin-marianeige.com\/index.php\/wp-json\/wp\/v2\/pages\/137\/revisions\/1847"}],"wp:featuredmedia":[{"embeddable":true,"href":"https:\/\/soin-marianeige.com\/index.php\/wp-json\/wp\/v2\/media\/1585"}],"wp:attachment":[{"href":"https:\/\/soin-marianeige.com\/index.php\/wp-json\/wp\/v2\/media?parent=137"}],"curies":[{"name":"wp","href":"https:\/\/api.w.org\/{rel}","templated":true}]}}