{"id":1535,"date":"2024-02-04T21:21:20","date_gmt":"2024-02-04T20:21:20","guid":{"rendered":"https:\/\/soin-marianeige.com\/?page_id=1535"},"modified":"2024-02-04T21:28:20","modified_gmt":"2024-02-04T20:28:20","slug":"soins-de-naissance","status":"publish","type":"page","link":"https:\/\/soin-marianeige.com\/index.php\/soins-de-naissance\/","title":{"rendered":"Soins de naissance"},"content":{"rendered":"\n<p>Ce soin est un l&rsquo;\u00e9veil des points lumi\u00e8res, ce qui va apporter au nouveau-n\u00e9 de s&rsquo;ouvrir \u00e0 de nouveaux apprentissages, de garder un lien avec son <em>\u00eatre<\/em>.<\/p>\n\n\n\n<p><\/p>\n\n\n\n<p><\/p>\n","protected":false},"excerpt":{"rendered":"<p>Ce soin est un l&rsquo;\u00e9veil des points lumi\u00e8res, ce qui va apporter au nouveau-n\u00e9 de s&rsquo;ouvrir \u00e0 de nouveaux apprentissages, de garder un lien avec<\/p>\n","protected":false},"author":1,"featured_media":29,"parent":0,"menu_order":3,"comment_status":"closed","ping_status":"closed","template":"","meta":{"om_disable_all_campaigns":false,"_sitemap_exclude":false,"_sitemap_priority":"","_sitemap_frequency":"","_monsterinsights_skip_tracking":false,"_monsterinsights_sitenote_active":false,"_monsterinsights_sitenote_note":"","_monsterinsights_sitenote_category":0,"footnotes":""},"class_list":["post-1535","page","type-page","status-publish","has-post-thumbnail","hentry"],"aioseo_notices":[],"_links":{"self":[{"href":"https:\/\/soin-marianeige.com\/index.php\/wp-json\/wp\/v2\/pages\/1535","targetHints":{"allow":["GET"]}}],"collection":[{"href":"https:\/\/soin-marianeige.com\/index.php\/wp-json\/wp\/v2\/pages"}],"about":[{"href":"https:\/\/soin-marianeige.com\/index.php\/wp-json\/wp\/v2\/types\/page"}],"author":[{"embeddable":true,"href":"https:\/\/soin-marianeige.com\/index.php\/wp-json\/wp\/v2\/users\/1"}],"replies":[{"embeddable":true,"href":"https:\/\/soin-marianeige.com\/index.php\/wp-json\/wp\/v2\/comments?post=1535"}],"version-history":[{"count":1,"href":"https:\/\/soin-marianeige.com\/index.php\/wp-json\/wp\/v2\/pages\/1535\/revisions"}],"predecessor-version":[{"id":1536,"href":"https:\/\/soin-marianeige.com\/index.php\/wp-json\/wp\/v2\/pages\/1535\/revisions\/1536"}],"wp:featuredmedia":[{"embeddable":true,"href":"https:\/\/soin-marianeige.com\/index.php\/wp-json\/wp\/v2\/media\/29"}],"wp:attachment":[{"href":"https:\/\/soin-marianeige.com\/index.php\/wp-json\/wp\/v2\/media?parent=1535"}],"curies":[{"name":"wp","href":"https:\/\/api.w.org\/{rel}","templated":true}]}}