{"id":1584,"date":"2024-04-07T17:08:53","date_gmt":"2024-04-07T15:08:53","guid":{"rendered":"https:\/\/soin-marianeige.com\/?page_id=1584"},"modified":"2025-03-17T22:30:07","modified_gmt":"2025-03-17T21:30:07","slug":"drainage-lymphatique","status":"publish","type":"page","link":"https:\/\/soin-marianeige.com\/index.php\/drainage-lymphatique\/","title":{"rendered":"Drainage lymphatique"},"content":{"rendered":"\n<p>Elimination des toxines.<\/p>\n\n\n\n<p>Inspir\u00e9 de la m\u00e9thode Vodder c&rsquo;est une approche unique qui influence le milieu liquide du corps et qui stimule le syst\u00e8me lymphatique afin de le purifier. Il consiste \u00e0 effectuer des s\u00e9quences de mouvements lents, circulaires et de pompages suivant le flot lymphatique. Ce drainage manuel a pour but d\u2019augmenter la circulation lymphatique, ce qui favorise le nettoyage, la d\u00e9sintoxication et le d\u00e9sengorgement du tissu conjonctif et des ganglions lymphatiques. Dur\u00e9e de 60 minutes. <\/p>\n\n\n\n<p>Quels sont les bienfaits?<\/p>\n\n\n\n<p>&nbsp;&nbsp;Diminution de l\u2019\u0153d\u00e8me<\/p>\n\n\n\n<p>+ &nbsp;Diminution de la douleur<\/p>\n\n\n\n<p>+ &nbsp;Am\u00e9lioration de la mobilit\u00e9 tissulaire<\/p>\n\n\n\n<p>+ &nbsp;Relaxation, att\u00e9nuation du syst\u00e8me sympathique<\/p>\n\n\n\n<p>+ &nbsp;Am\u00e9lioration de la circulation en g\u00e9n\u00e9ral<\/p>\n","protected":false},"excerpt":{"rendered":"<p>Elimination des toxines. Inspir\u00e9 de la m\u00e9thode Vodder c&rsquo;est une approche unique qui influence le milieu liquide du corps et qui stimule le syst\u00e8me lymphatique<\/p>\n","protected":false},"author":1,"featured_media":1585,"parent":0,"menu_order":6,"comment_status":"closed","ping_status":"closed","template":"page-templates\/template-services.php","meta":{"om_disable_all_campaigns":false,"_sitemap_exclude":false,"_sitemap_priority":"","_sitemap_frequency":"","_monsterinsights_skip_tracking":false,"_monsterinsights_sitenote_active":false,"_monsterinsights_sitenote_note":"","_monsterinsights_sitenote_category":0,"footnotes":""},"class_list":["post-1584","page","type-page","status-publish","has-post-thumbnail","hentry"],"aioseo_notices":[],"_links":{"self":[{"href":"https:\/\/soin-marianeige.com\/index.php\/wp-json\/wp\/v2\/pages\/1584","targetHints":{"allow":["GET"]}}],"collection":[{"href":"https:\/\/soin-marianeige.com\/index.php\/wp-json\/wp\/v2\/pages"}],"about":[{"href":"https:\/\/soin-marianeige.com\/index.php\/wp-json\/wp\/v2\/types\/page"}],"author":[{"embeddable":true,"href":"https:\/\/soin-marianeige.com\/index.php\/wp-json\/wp\/v2\/users\/1"}],"replies":[{"embeddable":true,"href":"https:\/\/soin-marianeige.com\/index.php\/wp-json\/wp\/v2\/comments?post=1584"}],"version-history":[{"count":2,"href":"https:\/\/soin-marianeige.com\/index.php\/wp-json\/wp\/v2\/pages\/1584\/revisions"}],"predecessor-version":[{"id":1726,"href":"https:\/\/soin-marianeige.com\/index.php\/wp-json\/wp\/v2\/pages\/1584\/revisions\/1726"}],"wp:featuredmedia":[{"embeddable":true,"href":"https:\/\/soin-marianeige.com\/index.php\/wp-json\/wp\/v2\/media\/1585"}],"wp:attachment":[{"href":"https:\/\/soin-marianeige.com\/index.php\/wp-json\/wp\/v2\/media?parent=1584"}],"curies":[{"name":"wp","href":"https:\/\/api.w.org\/{rel}","templated":true}]}}