{"id":1671,"date":"2024-12-27T11:09:18","date_gmt":"2024-12-27T10:09:18","guid":{"rendered":"https:\/\/soin-marianeige.com\/?page_id=1671"},"modified":"2024-12-27T11:11:38","modified_gmt":"2024-12-27T10:11:38","slug":"handicap-et-massages","status":"publish","type":"page","link":"https:\/\/soin-marianeige.com\/index.php\/handicap-et-massages\/","title":{"rendered":"Handicap et massages"},"content":{"rendered":"\n<p>Le toucher relationnel est adapt\u00e9 aux personnes en situation de handicap, position\u00a0assise, massage habill\u00e9  etc..<\/p>\n\n\n\n<p>L&rsquo;espace est adapt\u00e9 pour le confort et l&rsquo;apaisement, les conseils et connaissances des accompagnants sont les bienvenus pour enrichir la qualit\u00e9 du soin.<\/p>\n\n\n\n<p>Mon m\u00e9tier d&rsquo;aide-soignante m&rsquo;a apport\u00e9 l&rsquo;exp\u00e9rience n\u00e9cessaire pour l&rsquo;accompagnement aupr\u00e8s des personnes en situation de handicap, je reste \u00e0 votre disposition pour tout renseignement.<\/p>\n\n\n\n<p><\/p>\n","protected":false},"excerpt":{"rendered":"<p>Le toucher relationnel est adapt\u00e9 aux personnes en situation de handicap, position\u00a0assise, massage habill\u00e9 etc.. L&rsquo;espace est adapt\u00e9 pour le confort et l&rsquo;apaisement, les conseils<\/p>\n","protected":false},"author":1,"featured_media":1066,"parent":0,"menu_order":3,"comment_status":"closed","ping_status":"closed","template":"","meta":{"om_disable_all_campaigns":false,"_sitemap_exclude":false,"_sitemap_priority":"","_sitemap_frequency":"","_monsterinsights_skip_tracking":false,"_monsterinsights_sitenote_active":false,"_monsterinsights_sitenote_note":"","_monsterinsights_sitenote_category":0,"footnotes":""},"class_list":["post-1671","page","type-page","status-publish","has-post-thumbnail","hentry"],"aioseo_notices":[],"_links":{"self":[{"href":"https:\/\/soin-marianeige.com\/index.php\/wp-json\/wp\/v2\/pages\/1671","targetHints":{"allow":["GET"]}}],"collection":[{"href":"https:\/\/soin-marianeige.com\/index.php\/wp-json\/wp\/v2\/pages"}],"about":[{"href":"https:\/\/soin-marianeige.com\/index.php\/wp-json\/wp\/v2\/types\/page"}],"author":[{"embeddable":true,"href":"https:\/\/soin-marianeige.com\/index.php\/wp-json\/wp\/v2\/users\/1"}],"replies":[{"embeddable":true,"href":"https:\/\/soin-marianeige.com\/index.php\/wp-json\/wp\/v2\/comments?post=1671"}],"version-history":[{"count":1,"href":"https:\/\/soin-marianeige.com\/index.php\/wp-json\/wp\/v2\/pages\/1671\/revisions"}],"predecessor-version":[{"id":1672,"href":"https:\/\/soin-marianeige.com\/index.php\/wp-json\/wp\/v2\/pages\/1671\/revisions\/1672"}],"wp:featuredmedia":[{"embeddable":true,"href":"https:\/\/soin-marianeige.com\/index.php\/wp-json\/wp\/v2\/media\/1066"}],"wp:attachment":[{"href":"https:\/\/soin-marianeige.com\/index.php\/wp-json\/wp\/v2\/media?parent=1671"}],"curies":[{"name":"wp","href":"https:\/\/api.w.org\/{rel}","templated":true}]}}