{"id":1745,"date":"2025-08-15T14:59:49","date_gmt":"2025-08-15T12:59:49","guid":{"rendered":"https:\/\/soin-marianeige.com\/?page_id=1745"},"modified":"2026-01-30T07:31:40","modified_gmt":"2026-01-30T06:31:40","slug":"a-propos-de-moi","status":"publish","type":"page","link":"https:\/\/soin-marianeige.com\/index.php\/a-propos-de-moi\/","title":{"rendered":"A propos de moi"},"content":{"rendered":"\n<h3 class=\"wp-block-heading\">\ud83c\udf38<\/h3>\n\n\n\n<p>Bonjour, je  suis praticienne en soin de bien \u00eatre , j\u2019accompagne les personnes en qu\u00eate d\u2019\u00e9quilibre, de d\u00e9tente et d\u2019harmonie du corps et de l\u2019esprit. Mon approche est nourrie par une profonde \u00e9coute, une pr\u00e9sence bienveillante et une attention particuli\u00e8re port\u00e9e \u00e0 chaque personne.<\/p>\n\n\n\n<p>En parall\u00e8le, j\u2019accompagne des personnes en situation de handicap au sein d\u2019un foyer d\u2019h\u00e9bergement. Cette exp\u00e9rience humaine riche et authentique nourrit ma pratique et renforce ma sensibilit\u00e9 \u00e0 l\u2019autre, au rythme et aux besoins de chacun.<\/p>\n\n\n\n<p>Anim\u00e9e par le d\u00e9sir d\u2019offrir un accompagnement toujours plus juste et personnalis\u00e9, je poursuis r\u00e9guli\u00e8rement des formations afin d\u2019approfondir et d\u2019enrichir diff\u00e9rentes techniques issues de la m\u00e9decine traditionnelle chinoise et des soins \u00e9nerg\u00e9tiques.<\/p>\n\n\n\n<p>Ma phrase \u00ab\u00a0f\u00e9tiche\u00a0\u00bb <strong>SOIGNER LE CORPS POUR GUERIR LE COEUR <\/strong><\/p>\n","protected":false},"excerpt":{"rendered":"<p>\ud83c\udf38 Bonjour, je suis praticienne en soin de bien \u00eatre , j\u2019accompagne les personnes en qu\u00eate d\u2019\u00e9quilibre, de d\u00e9tente et d\u2019harmonie du corps et de<\/p>\n","protected":false},"author":1,"featured_media":0,"parent":0,"menu_order":0,"comment_status":"closed","ping_status":"closed","template":"","meta":{"om_disable_all_campaigns":false,"_sitemap_exclude":false,"_sitemap_priority":"","_sitemap_frequency":"","_monsterinsights_skip_tracking":false,"_monsterinsights_sitenote_active":false,"_monsterinsights_sitenote_note":"","_monsterinsights_sitenote_category":0,"footnotes":""},"class_list":["post-1745","page","type-page","status-publish","hentry"],"aioseo_notices":[],"_links":{"self":[{"href":"https:\/\/soin-marianeige.com\/index.php\/wp-json\/wp\/v2\/pages\/1745","targetHints":{"allow":["GET"]}}],"collection":[{"href":"https:\/\/soin-marianeige.com\/index.php\/wp-json\/wp\/v2\/pages"}],"about":[{"href":"https:\/\/soin-marianeige.com\/index.php\/wp-json\/wp\/v2\/types\/page"}],"author":[{"embeddable":true,"href":"https:\/\/soin-marianeige.com\/index.php\/wp-json\/wp\/v2\/users\/1"}],"replies":[{"embeddable":true,"href":"https:\/\/soin-marianeige.com\/index.php\/wp-json\/wp\/v2\/comments?post=1745"}],"version-history":[{"count":2,"href":"https:\/\/soin-marianeige.com\/index.php\/wp-json\/wp\/v2\/pages\/1745\/revisions"}],"predecessor-version":[{"id":1809,"href":"https:\/\/soin-marianeige.com\/index.php\/wp-json\/wp\/v2\/pages\/1745\/revisions\/1809"}],"wp:attachment":[{"href":"https:\/\/soin-marianeige.com\/index.php\/wp-json\/wp\/v2\/media?parent=1745"}],"curies":[{"name":"wp","href":"https:\/\/api.w.org\/{rel}","templated":true}]}}