{"id":25,"date":"2020-02-04T10:09:25","date_gmt":"2020-02-04T09:09:25","guid":{"rendered":"http:\/\/localhost\/wordpress\/?page_id=25"},"modified":"2026-01-30T07:41:47","modified_gmt":"2026-01-30T06:41:47","slug":"maria","status":"publish","type":"page","link":"https:\/\/soin-marianeige.com\/index.php\/maria\/","title":{"rendered":"A propos de moi"},"content":{"rendered":"\n<h3 class=\"wp-block-heading\">\ud83c\udf38 <\/h3>\n\n\n\n<p>Bonjour, je  suis praticienne en soin de bien \u00eatre , j\u2019accompagne les personnes en qu\u00eate d\u2019\u00e9quilibre, de d\u00e9tente et d\u2019harmonie du corps et de l\u2019esprit. Mon approche est nourrie par une profonde \u00e9coute, une pr\u00e9sence bienveillante et une attention particuli\u00e8re port\u00e9e \u00e0 chaque personne.<\/p>\n\n\n\n<p>En parall\u00e8le, j\u2019accompagne des personnes en situation de handicap au sein d\u2019un foyer d\u2019h\u00e9bergement. Cette exp\u00e9rience humaine riche et authentique nourrit ma pratique et renforce ma sensibilit\u00e9 \u00e0 l\u2019autre, au rythme et aux besoins de chacun.<\/p>\n\n\n\n<p>Anim\u00e9e par le d\u00e9sir d\u2019offrir un accompagnement toujours plus juste et personnalis\u00e9, je poursuis r\u00e9guli\u00e8rement des formations afin d\u2019approfondir et d\u2019enrichir diff\u00e9rentes techniques issues de la m\u00e9decine traditionnelle chinoise et des soins \u00ab\u00a0\u00e9nerg\u00e9tiques\u00a0\u00bb.<\/p>\n\n\n\n<p>Ma phrase \u00ab\u00a0f\u00e9tiche\u00a0\u00bb <strong>SOIGNER LE CORPS POUR GUERIR LE COEUR  <\/strong><\/p>\n\n\n\n<p><strong>Formations : Apprentissage de la pr\u00e9sence Dolor\u00e8s Soleymieux<\/strong> site <a href=\"https:\/\/dolores-soleymieux.fr\/\" title=\"\">https:\/\/dolores-soleymieux.fr\/<\/a><\/p>\n\n\n\n<p>Formations : TUI Na \u00ab\u00a0bien Etre\u00a0\u00bb et reflexologie plantaire Audrey Collot<\/p>\n\n\n\n<p><strong>Formation Tui-na Audrey Collot<\/strong>:<\/p>\n\n\n\n<p>Cliquez ici <a href=\"http:\/\/www.tuina.fr\/index.php\">Site de <\/a> <strong>Tui-Na<\/strong><\/p>\n\n\n\n<h2 class=\"wp-block-heading\">Comment se passe une s\u00e9ance?<\/h2>\n\n\n\n<p>2) types de soins<\/p>\n\n\n\n<ol class=\"wp-block-list\">\n<li>Les s\u00e9ances soins \u00a0\u00bb second souffle \u00a0\u00bb peuvent se d\u00e9rouler en cabinet ou en distanciel et chaque s\u00e9ance dure une heure et une heure 15.<\/li>\n<\/ol>\n\n\n\n<p>2.  Les massages sont entre 40 mn et 1h30 selon le massage que vous avez choisi.<\/p>\n\n\n\n<h3 class=\"wp-block-heading\">Quels b\u00e9n\u00e9fices en attendre ?<\/h3>\n\n\n\n<p>Les s\u00e9ances que je propose ont pour but de procurer un bien-\u00eatre physique et psychique.<\/p>\n\n\n\n<p>Elles peuvent \u00e9galement contribuer \u00e0 pr\u00e9server la sant\u00e9 et \u00e0 am\u00e9liorer la qualit\u00e9 de vie en g\u00e9n\u00e9ral.<\/p>\n\n\n\n<p>Les s\u00e9ances ne dispensent pas de soin m\u00e9dicaux le traitement m\u00e9dical est compl\u00e9mentaire.<\/p>\n\n\n\n<p><\/p>\n\n\n\n<p><\/p>\n\n\n\n<p><\/p>\n\n\n\n<p><\/p>\n\n\n\n<p><\/p>\n\n\n\n<p><\/p>\n\n\n\n<p><\/p>\n","protected":false},"excerpt":{"rendered":"<p>\ud83c\udf38 Bonjour, je suis praticienne en soin de bien \u00eatre , j\u2019accompagne les personnes en qu\u00eate d\u2019\u00e9quilibre, de d\u00e9tente et d\u2019harmonie du corps et de<\/p>\n","protected":false},"author":1,"featured_media":0,"parent":0,"menu_order":0,"comment_status":"closed","ping_status":"closed","template":"","meta":{"om_disable_all_campaigns":false,"_sitemap_exclude":false,"_sitemap_priority":"","_sitemap_frequency":"","_monsterinsights_skip_tracking":false,"_monsterinsights_sitenote_active":false,"_monsterinsights_sitenote_note":"","_monsterinsights_sitenote_category":0,"footnotes":""},"class_list":["post-25","page","type-page","status-publish","hentry"],"aioseo_notices":[],"_links":{"self":[{"href":"https:\/\/soin-marianeige.com\/index.php\/wp-json\/wp\/v2\/pages\/25","targetHints":{"allow":["GET"]}}],"collection":[{"href":"https:\/\/soin-marianeige.com\/index.php\/wp-json\/wp\/v2\/pages"}],"about":[{"href":"https:\/\/soin-marianeige.com\/index.php\/wp-json\/wp\/v2\/types\/page"}],"author":[{"embeddable":true,"href":"https:\/\/soin-marianeige.com\/index.php\/wp-json\/wp\/v2\/users\/1"}],"replies":[{"embeddable":true,"href":"https:\/\/soin-marianeige.com\/index.php\/wp-json\/wp\/v2\/comments?post=25"}],"version-history":[{"count":91,"href":"https:\/\/soin-marianeige.com\/index.php\/wp-json\/wp\/v2\/pages\/25\/revisions"}],"predecessor-version":[{"id":1815,"href":"https:\/\/soin-marianeige.com\/index.php\/wp-json\/wp\/v2\/pages\/25\/revisions\/1815"}],"wp:attachment":[{"href":"https:\/\/soin-marianeige.com\/index.php\/wp-json\/wp\/v2\/media?parent=25"}],"curies":[{"name":"wp","href":"https:\/\/api.w.org\/{rel}","templated":true}]}}