{"id":41,"date":"2020-02-04T23:20:38","date_gmt":"2020-02-04T22:20:38","guid":{"rendered":"http:\/\/localhost\/wordpress\/?page_id=41"},"modified":"2026-01-28T11:50:10","modified_gmt":"2026-01-28T10:50:10","slug":"soins-adultes","status":"publish","type":"page","link":"https:\/\/soin-marianeige.com\/index.php\/soins-adultes\/","title":{"rendered":"Soin second souffle r\u00e9veiller la mati\u00e8re"},"content":{"rendered":"\n<p>Ce soin \u00e9veille votre mati\u00e8re, remet de la vitalit\u00e9 dans vos articulations, vous remet en lien avec vous m\u00eame, cr\u00e9e une synergie entre les diff\u00e9rentes parties du corps.<\/p>\n\n\n\n<p>Durant cette s\u00e9ance  j&rsquo;active une mise en travail qui va permettre de d\u00e9nouer les n\u0153uds, lib\u00e8re les m\u00e9moires pr\u00e9sentes, les blocages dans le corps et dans l&rsquo;esprit, les tensions, le stress en vous, de ce fait vous retrouver plus de l\u00e9g\u00e8ret\u00e9 dans votre vie et dans votre quotidien.<\/p>\n\n\n\n<p>En effet les diff\u00e9rents v\u00e9cus dans votre vie plus ou moins \u00ab\u00a0bien v\u00e9cu\u00a0\u00bb peuvent \u00ab\u00a0bloquer\u00a0\u00bb votre \u00e9tat \u00e9motionnel et parfois m\u00eame dans le physique, cela peut vous cr\u00e9er des douleurs, des spasmes, des difficult\u00e9s a s&rsquo;exprimer ect&#8230; et selon chacun(es) peut vous emp\u00eacher de faire de nouveaux choix.<\/p>\n\n\n\n<p>Ce travail va vous permettre de vous all\u00e9ger et de reprendre confiance en vous de mieux vivre votre quotidien et ainsi vous rendre plus disponible \u00e0 vous m\u00eame.<\/p>\n\n\n\n<p><\/p>\n\n\n\n<p>Si vous voulez un travail en profondeur il est conseill\u00e9 3 soins avec 1 mois d&rsquo;intervalle.<\/p>\n\n\n\n<p><\/p>\n\n\n\n<p><\/p>\n\n\n\n<p><\/p>\n\n\n\n<p><\/p>\n\n\n\n<p><\/p>\n","protected":false},"excerpt":{"rendered":"<p>Ce soin \u00e9veille votre mati\u00e8re, remet de la vitalit\u00e9 dans vos articulations, vous remet en lien avec vous m\u00eame, cr\u00e9e une synergie entre les diff\u00e9rentes<\/p>\n","protected":false},"author":1,"featured_media":0,"parent":0,"menu_order":1,"comment_status":"closed","ping_status":"closed","template":"","meta":{"om_disable_all_campaigns":false,"_sitemap_exclude":false,"_sitemap_priority":"","_sitemap_frequency":"","_monsterinsights_skip_tracking":false,"_monsterinsights_sitenote_active":false,"_monsterinsights_sitenote_note":"","_monsterinsights_sitenote_category":0,"footnotes":""},"class_list":["post-41","page","type-page","status-publish","hentry"],"aioseo_notices":[],"_links":{"self":[{"href":"https:\/\/soin-marianeige.com\/index.php\/wp-json\/wp\/v2\/pages\/41","targetHints":{"allow":["GET"]}}],"collection":[{"href":"https:\/\/soin-marianeige.com\/index.php\/wp-json\/wp\/v2\/pages"}],"about":[{"href":"https:\/\/soin-marianeige.com\/index.php\/wp-json\/wp\/v2\/types\/page"}],"author":[{"embeddable":true,"href":"https:\/\/soin-marianeige.com\/index.php\/wp-json\/wp\/v2\/users\/1"}],"replies":[{"embeddable":true,"href":"https:\/\/soin-marianeige.com\/index.php\/wp-json\/wp\/v2\/comments?post=41"}],"version-history":[{"count":35,"href":"https:\/\/soin-marianeige.com\/index.php\/wp-json\/wp\/v2\/pages\/41\/revisions"}],"predecessor-version":[{"id":1801,"href":"https:\/\/soin-marianeige.com\/index.php\/wp-json\/wp\/v2\/pages\/41\/revisions\/1801"}],"wp:attachment":[{"href":"https:\/\/soin-marianeige.com\/index.php\/wp-json\/wp\/v2\/media?parent=41"}],"curies":[{"name":"wp","href":"https:\/\/api.w.org\/{rel}","templated":true}]}}