{"id":49,"date":"2020-02-04T23:55:08","date_gmt":"2020-02-04T22:55:08","guid":{"rendered":"http:\/\/localhost\/wordpress\/?page_id=49"},"modified":"2025-03-17T22:28:06","modified_gmt":"2025-03-17T21:28:06","slug":"modelages","status":"publish","type":"page","link":"https:\/\/soin-marianeige.com\/index.php\/modelages\/","title":{"rendered":"Massages cr\u00e2niens"},"content":{"rendered":"\n<p>lib\u00e8re les tensions et apporte d\u00e9tente et vitalit\u00e9 !<\/p>\n\n\n<p>Les massages cr\u00e2niens apportent une v\u00e9ritable d\u00e9tente, les mouvements doux et r\u00e9p\u00e9t\u00e9s vont permettre de \u00ab\u00a0l\u00e2cher prise\u00a0\u00bb sur le mental.<\/p>\n<p>Tout au long du soin, les pens\u00e9es se calment pour laisser place \u00e0 une v\u00e9ritable d\u00e9tente.<\/p>\n<p>les points stimul\u00e9s vont travaill\u00e9s sur l&rsquo;\u00e9nergie des organes, ils vont aussi permettre de l\u00e2cher les tensions du corps, la t\u00eate est repos\u00e9e, le corps profite de cette d\u00e9tente, 36 points sont travaill\u00e9s par acupression, ce massage va aussi d\u00e9tendre le visage le cou et les \u00e9paules.<\/p>\n<p>C&rsquo;est un v\u00e9ritable voyage de sensation et de d\u00e9couverte que vous allez vivre !<\/p>\n<p>Dur\u00e9e 40mn ou 1h<\/p>\n<p>huile bio certifi\u00e9.<\/p>\n\n\n<figure class=\"wp-block-gallery has-nested-images columns-default is-cropped wp-block-gallery-1 is-layout-flex wp-block-gallery-is-layout-flex\">\n<figure class=\"wp-block-image size-large\"><img loading=\"lazy\" decoding=\"async\" width=\"205\" height=\"241\" data-id=\"59\" src=\"http:\/\/localhost\/wordpress\/wp-content\/uploads\/2020\/02\/Crane-2.png\" alt=\"\" class=\"wp-image-59\"\/><\/figure>\n<\/figure>\n\n\n","protected":false},"excerpt":{"rendered":"<p>lib\u00e8re les tensions et apporte d\u00e9tente et vitalit\u00e9 ! Les massages cr\u00e2niens apportent une v\u00e9ritable d\u00e9tente, les mouvements doux et r\u00e9p\u00e9t\u00e9s vont permettre de \u00ab\u00a0l\u00e2cher<\/p>\n","protected":false},"author":1,"featured_media":1195,"parent":0,"menu_order":5,"comment_status":"closed","ping_status":"closed","template":"page-templates\/template-services.php","meta":{"om_disable_all_campaigns":false,"_sitemap_exclude":false,"_sitemap_priority":"","_sitemap_frequency":"","_monsterinsights_skip_tracking":false,"_monsterinsights_sitenote_active":false,"_monsterinsights_sitenote_note":"","_monsterinsights_sitenote_category":0,"footnotes":""},"class_list":["post-49","page","type-page","status-publish","has-post-thumbnail","hentry"],"aioseo_notices":[],"_links":{"self":[{"href":"https:\/\/soin-marianeige.com\/index.php\/wp-json\/wp\/v2\/pages\/49","targetHints":{"allow":["GET"]}}],"collection":[{"href":"https:\/\/soin-marianeige.com\/index.php\/wp-json\/wp\/v2\/pages"}],"about":[{"href":"https:\/\/soin-marianeige.com\/index.php\/wp-json\/wp\/v2\/types\/page"}],"author":[{"embeddable":true,"href":"https:\/\/soin-marianeige.com\/index.php\/wp-json\/wp\/v2\/users\/1"}],"replies":[{"embeddable":true,"href":"https:\/\/soin-marianeige.com\/index.php\/wp-json\/wp\/v2\/comments?post=49"}],"version-history":[{"count":27,"href":"https:\/\/soin-marianeige.com\/index.php\/wp-json\/wp\/v2\/pages\/49\/revisions"}],"predecessor-version":[{"id":1724,"href":"https:\/\/soin-marianeige.com\/index.php\/wp-json\/wp\/v2\/pages\/49\/revisions\/1724"}],"wp:featuredmedia":[{"embeddable":true,"href":"https:\/\/soin-marianeige.com\/index.php\/wp-json\/wp\/v2\/media\/1195"}],"wp:attachment":[{"href":"https:\/\/soin-marianeige.com\/index.php\/wp-json\/wp\/v2\/media?parent=49"}],"curies":[{"name":"wp","href":"https:\/\/api.w.org\/{rel}","templated":true}]}}