{"id":511,"date":"2021-04-23T10:16:57","date_gmt":"2021-04-23T08:16:57","guid":{"rendered":"https:\/\/soin-marianeige.com\/?page_id=511"},"modified":"2023-03-23T15:49:56","modified_gmt":"2023-03-23T14:49:56","slug":"enfants","status":"publish","type":"page","link":"https:\/\/soin-marianeige.com\/index.php\/enfants\/","title":{"rendered":"Pour les enfants"},"content":{"rendered":"\n<p>Apporte \u00e0 l&rsquo;enfant l&rsquo;\u00e9nergie et la stabilit\u00e9 n\u00e9cessaire pour l&rsquo;aider dans les difficult\u00e9s qu&rsquo;il peut rencontrer dans sa vie, difficult\u00e9s d&rsquo;adaptation, de scolarit\u00e9 de relations, troubles du comportement, difficult\u00e9s de communication, manifestations d&rsquo;angoisses, stress.<\/p>\n\n\n\n<p><\/p>\n\n\n\n<p><\/p>\n\n\n\n<p><\/p>\n","protected":false},"excerpt":{"rendered":"<p>Apporte \u00e0 l&rsquo;enfant l&rsquo;\u00e9nergie et la stabilit\u00e9 n\u00e9cessaire pour l&rsquo;aider dans les difficult\u00e9s qu&rsquo;il peut rencontrer dans sa vie, difficult\u00e9s d&rsquo;adaptation, de scolarit\u00e9 de relations,<\/p>\n","protected":false},"author":1,"featured_media":0,"parent":0,"menu_order":0,"comment_status":"closed","ping_status":"closed","template":"","meta":{"om_disable_all_campaigns":false,"_sitemap_exclude":false,"_sitemap_priority":"","_sitemap_frequency":"","_monsterinsights_skip_tracking":false,"_monsterinsights_sitenote_active":false,"_monsterinsights_sitenote_note":"","_monsterinsights_sitenote_category":0,"footnotes":""},"class_list":["post-511","page","type-page","status-publish","hentry"],"aioseo_notices":[],"_links":{"self":[{"href":"https:\/\/soin-marianeige.com\/index.php\/wp-json\/wp\/v2\/pages\/511","targetHints":{"allow":["GET"]}}],"collection":[{"href":"https:\/\/soin-marianeige.com\/index.php\/wp-json\/wp\/v2\/pages"}],"about":[{"href":"https:\/\/soin-marianeige.com\/index.php\/wp-json\/wp\/v2\/types\/page"}],"author":[{"embeddable":true,"href":"https:\/\/soin-marianeige.com\/index.php\/wp-json\/wp\/v2\/users\/1"}],"replies":[{"embeddable":true,"href":"https:\/\/soin-marianeige.com\/index.php\/wp-json\/wp\/v2\/comments?post=511"}],"version-history":[{"count":9,"href":"https:\/\/soin-marianeige.com\/index.php\/wp-json\/wp\/v2\/pages\/511\/revisions"}],"predecessor-version":[{"id":1245,"href":"https:\/\/soin-marianeige.com\/index.php\/wp-json\/wp\/v2\/pages\/511\/revisions\/1245"}],"wp:attachment":[{"href":"https:\/\/soin-marianeige.com\/index.php\/wp-json\/wp\/v2\/media?parent=511"}],"curies":[{"name":"wp","href":"https:\/\/api.w.org\/{rel}","templated":true}]}}