{"id":513,"date":"2021-04-23T10:21:21","date_gmt":"2021-04-23T08:21:21","guid":{"rendered":"https:\/\/soin-marianeige.com\/?page_id=513"},"modified":"2023-10-26T23:06:50","modified_gmt":"2023-10-26T21:06:50","slug":"massages","status":"publish","type":"page","link":"https:\/\/soin-marianeige.com\/index.php\/massages\/","title":{"rendered":"modelage cr\u00e2nien et facial"},"content":{"rendered":"\n<p>la t\u00eate est repos\u00e9 et le corps profite de cette d\u00e9tente !<\/p>\n\n\n\n<p>Le  massage cr\u00e2nien et facial va apporter de la d\u00e9tente, et va permettre de\u00a0\u00bb l\u00e2cher\u00a0\u00bb le mental durant ce soin les pens\u00e9es se calment et les points stimul\u00e9s vont travaill\u00e9s sur l&rsquo;\u00e9nergie des organes, vous allez l\u00e2cher les tensions du corps, la t\u00eate est repos\u00e9, le corps profite de cette d\u00e9tente, des points sont travaill\u00e9es par acupression, ce massage va d\u00e9tendre aussi le cou et les \u00e9paules et faire du bien au cheveux.<\/p>\n\n\n\n<p>J&rsquo;utilise de l&rsquo;huile d&rsquo;avocat bio.<\/p>\n\n\n\n<p><\/p>\n","protected":false},"excerpt":{"rendered":"<p>la t\u00eate est repos\u00e9 et le corps profite de cette d\u00e9tente ! Le massage cr\u00e2nien et facial va apporter de la d\u00e9tente, et va permettre<\/p>\n","protected":false},"author":1,"featured_media":1195,"parent":0,"menu_order":0,"comment_status":"closed","ping_status":"closed","template":"","meta":{"om_disable_all_campaigns":false,"_sitemap_exclude":false,"_sitemap_priority":"","_sitemap_frequency":"","_monsterinsights_skip_tracking":false,"_monsterinsights_sitenote_active":false,"_monsterinsights_sitenote_note":"","_monsterinsights_sitenote_category":0,"footnotes":""},"class_list":["post-513","page","type-page","status-publish","has-post-thumbnail","hentry"],"aioseo_notices":[],"_links":{"self":[{"href":"https:\/\/soin-marianeige.com\/index.php\/wp-json\/wp\/v2\/pages\/513","targetHints":{"allow":["GET"]}}],"collection":[{"href":"https:\/\/soin-marianeige.com\/index.php\/wp-json\/wp\/v2\/pages"}],"about":[{"href":"https:\/\/soin-marianeige.com\/index.php\/wp-json\/wp\/v2\/types\/page"}],"author":[{"embeddable":true,"href":"https:\/\/soin-marianeige.com\/index.php\/wp-json\/wp\/v2\/users\/1"}],"replies":[{"embeddable":true,"href":"https:\/\/soin-marianeige.com\/index.php\/wp-json\/wp\/v2\/comments?post=513"}],"version-history":[{"count":10,"href":"https:\/\/soin-marianeige.com\/index.php\/wp-json\/wp\/v2\/pages\/513\/revisions"}],"predecessor-version":[{"id":1416,"href":"https:\/\/soin-marianeige.com\/index.php\/wp-json\/wp\/v2\/pages\/513\/revisions\/1416"}],"wp:featuredmedia":[{"embeddable":true,"href":"https:\/\/soin-marianeige.com\/index.php\/wp-json\/wp\/v2\/media\/1195"}],"wp:attachment":[{"href":"https:\/\/soin-marianeige.com\/index.php\/wp-json\/wp\/v2\/media?parent=513"}],"curies":[{"name":"wp","href":"https:\/\/api.w.org\/{rel}","templated":true}]}}