{"id":61,"date":"2020-02-05T00:03:55","date_gmt":"2020-02-04T23:03:55","guid":{"rendered":"http:\/\/localhost\/wordpress\/?page_id=61"},"modified":"2025-02-04T10:56:10","modified_gmt":"2025-02-04T09:56:10","slug":"tui-na-bien-etre","status":"publish","type":"page","link":"https:\/\/soin-marianeige.com\/index.php\/tui-na-bien-etre\/","title":{"rendered":"Massages Tui-na"},"content":{"rendered":"\n<p>Ne pas attendre des douleurs pour se rendre compte que nous poss\u00e9dons un corps et qu&rsquo;il faut en prendre soin !<\/p>\n\n\n\n<p> Le Tuina bien-\u00eatre c&rsquo;est quoi? <\/p>\n\n\n\n<p><br>Le Tuina s&#8217;emploie dans le cadre de l&rsquo;<strong>entretien de la sant\u00e9<\/strong>&nbsp;<\/p>\n\n\n\n<p>il procure\u00a0<strong>bien-\u00eatre<\/strong> et d\u00e9tente. <\/p>\n\n\n\n<p>Ce massage agit sur les\u00a0<strong>points \u00ab\u00a0de sant\u00e9\u00a0\u00bb courants<\/strong>\u00a0et sur les\u00a0<strong>zones d&rsquo;accumulation de tensions musculaires<\/strong>.<br>De mani\u00e8re g\u00e9n\u00e9rale ne pas attendre des douleurs pour se rendre compte que nous poss\u00e9dons un corps et qu&rsquo;il faut en prendre soin, le Tuina d&rsquo;entretien de la sant\u00e9 a pour objectif de\u00a0<strong>se sentir plus confortable dans son corps<\/strong>, de le rendre \u00e0 la fois plus souple et plus r\u00e9sistant.<\/p>\n\n\n\n<p> Le Tuina est, en Chine, l&rsquo;incontournable des techniques de \u00ab\u00a0prolongation de la vie\u00a0\u00bb&nbsp;il est \u00e9galement excellent en&nbsp;<strong>pr\u00e9vention<\/strong>&nbsp;pour tous les&nbsp;douleurs, tensions, stress.<\/p>\n\n\n\n<p><strong>dur\u00e9e 1h massage habill\u00e9<\/strong><\/p>\n\n\n\n<p><\/p>\n\n\n\n<figure class=\"wp-block-gallery has-nested-images columns-default is-cropped wp-block-gallery-1 is-layout-flex wp-block-gallery-is-layout-flex\">\n<figure class=\"wp-block-image size-large\"><img loading=\"lazy\" decoding=\"async\" width=\"650\" height=\"380\" data-id=\"1314\" src=\"https:\/\/soin-marianeige.com\/wp-content\/uploads\/2023\/07\/massage-pieds1-418c17b9932e1af1-1.jpeg\" alt=\"\" class=\"wp-image-1314\" srcset=\"https:\/\/soin-marianeige.com\/wp-content\/uploads\/2023\/07\/massage-pieds1-418c17b9932e1af1-1.jpeg 650w, https:\/\/soin-marianeige.com\/wp-content\/uploads\/2023\/07\/massage-pieds1-418c17b9932e1af1-1-300x175.jpeg 300w\" sizes=\"auto, (max-width: 650px) 100vw, 650px\" \/><\/figure>\n<\/figure>\n\n\n\n<p><\/p>\n\n\n\n<p><\/p>\n\n\n\n<p><\/p>\n\n\n\n<p><\/p>\n\n\n\n<figure class=\"wp-block-gallery has-nested-images columns-default is-cropped wp-block-gallery-2 is-layout-flex wp-block-gallery-is-layout-flex\">\n<figure class=\"wp-block-image size-large\"><img loading=\"lazy\" decoding=\"async\" width=\"266\" height=\"189\" data-id=\"62\" src=\"http:\/\/localhost\/wordpress\/wp-content\/uploads\/2020\/02\/TUINA.jpg\" alt=\"\" class=\"wp-image-62\"\/><\/figure>\n<\/figure>\n\n\n\n<figure class=\"wp-block-gallery has-nested-images columns-default is-cropped wp-block-gallery-3 is-layout-flex wp-block-gallery-is-layout-flex\">\n<figure class=\"wp-block-image size-large\"><img loading=\"lazy\" decoding=\"async\" width=\"640\" height=\"428\" data-id=\"66\" src=\"http:\/\/localhost\/wordpress\/wp-content\/uploads\/2020\/02\/bols.jpg\" alt=\"\" class=\"wp-image-66\" srcset=\"https:\/\/soin-marianeige.com\/wp-content\/uploads\/2020\/02\/bols.jpg 640w, https:\/\/soin-marianeige.com\/wp-content\/uploads\/2020\/02\/bols-300x201.jpg 300w\" sizes=\"auto, (max-width: 640px) 100vw, 640px\" \/><\/figure>\n<\/figure>\n\n\n\n<div id=\"paypal-button-container\"><\/div>\n<script src=\"https:\/\/www.paypal.com\/sdk\/js?client-id=sb&amp;currency=EUR\" data-sdk-integration-source=\"button-factory\"><\/script>\n<script>\n  paypal.Buttons({\n      style: {\n          shape: 'rect',\n          color: 'gold',\n          layout: 'vertical',\n          label: 'paypal',\n          \n      },\n      createOrder: function(data, actions) {\n          return actions.order.create({\n              purchase_units: [{\n                  amount: {\n                      value: '49'\n                  }\n              }]\n          });\n      },\n      onApprove: function(data, actions) {\n          return actions.order.capture().then(function(details) {\n              alert('Transaction completed by ' + details.payer.name.given_name + '!');\n          });\n      }\n  }).render('#paypal-button-container');\n<\/script>\n","protected":false},"excerpt":{"rendered":"<p>Ne pas attendre des douleurs pour se rendre compte que nous poss\u00e9dons un corps et qu&rsquo;il faut en prendre soin ! Le Tuina bien-\u00eatre c&rsquo;est<\/p>\n","protected":false},"author":1,"featured_media":1199,"parent":0,"menu_order":6,"comment_status":"closed","ping_status":"closed","template":"page-templates\/template-services.php","meta":{"om_disable_all_campaigns":false,"_sitemap_exclude":false,"_sitemap_priority":"","_sitemap_frequency":"","_monsterinsights_skip_tracking":false,"_monsterinsights_sitenote_active":false,"_monsterinsights_sitenote_note":"","_monsterinsights_sitenote_category":0,"footnotes":""},"class_list":["post-61","page","type-page","status-publish","has-post-thumbnail","hentry"],"aioseo_notices":[],"_links":{"self":[{"href":"https:\/\/soin-marianeige.com\/index.php\/wp-json\/wp\/v2\/pages\/61","targetHints":{"allow":["GET"]}}],"collection":[{"href":"https:\/\/soin-marianeige.com\/index.php\/wp-json\/wp\/v2\/pages"}],"about":[{"href":"https:\/\/soin-marianeige.com\/index.php\/wp-json\/wp\/v2\/types\/page"}],"author":[{"embeddable":true,"href":"https:\/\/soin-marianeige.com\/index.php\/wp-json\/wp\/v2\/users\/1"}],"replies":[{"embeddable":true,"href":"https:\/\/soin-marianeige.com\/index.php\/wp-json\/wp\/v2\/comments?post=61"}],"version-history":[{"count":34,"href":"https:\/\/soin-marianeige.com\/index.php\/wp-json\/wp\/v2\/pages\/61\/revisions"}],"predecessor-version":[{"id":1704,"href":"https:\/\/soin-marianeige.com\/index.php\/wp-json\/wp\/v2\/pages\/61\/revisions\/1704"}],"wp:featuredmedia":[{"embeddable":true,"href":"https:\/\/soin-marianeige.com\/index.php\/wp-json\/wp\/v2\/media\/1199"}],"wp:attachment":[{"href":"https:\/\/soin-marianeige.com\/index.php\/wp-json\/wp\/v2\/media?parent=61"}],"curies":[{"name":"wp","href":"https:\/\/api.w.org\/{rel}","templated":true}]}}